{"id":274,"date":"2021-05-01T14:12:58","date_gmt":"2021-05-01T12:12:58","guid":{"rendered":"https:\/\/marktschaenke.anstaett-media.de\/?page_id=2"},"modified":"2021-05-01T14:12:58","modified_gmt":"2021-05-01T12:12:58","slug":"beispiel-seite-2","status":"publish","type":"page","link":"https:\/\/marktschaenke-badduerkheim.de\/web\/","title":{"rendered":"Marktsch\u00e4nke"},"content":{"rendered":"<p>[et_pb_section fb_built=&#8220;1&#8243; fullwidth=&#8220;on&#8220; _builder_version=&#8220;4.9.2&#8243; _module_preset=&#8220;default&#8220;][et_pb_fullwidth_image src=&#8220;http:\/\/marktschaenke-badduerkheim.de\/web\/wp-content\/uploads\/2021\/05\/banner.png&#8220; title_text=&#8220;banner&#8220; _builder_version=&#8220;4.9.2&#8243; _module_preset=&#8220;default&#8220;][\/et_pb_fullwidth_image][\/et_pb_section][et_pb_section fb_built=&#8220;1&#8243; _builder_version=&#8220;4.9.2&#8243; _module_preset=&#8220;default&#8220;][et_pb_row _builder_version=&#8220;4.9.2&#8243; _module_preset=&#8220;default&#8220;][et_pb_column type=&#8220;4_4&#8243; _builder_version=&#8220;4.9.2&#8243; _module_preset=&#8220;default&#8220;][et_pb_text _builder_version=&#8220;4.9.2&#8243; _module_preset=&#8220;default&#8220; text_font=&#8220;Montserrat||||||||&#8220; text_text_color=&#8220;#000000&#8243; text_font_size=&#8220;16px&#8220; text_line_height=&#8220;1.8em&#8220; header_2_font=&#8220;Montserrat|600|||||||&#8220; header_2_text_color=&#8220;#88B02E&#8220; header_2_font_size=&#8220;30px&#8220;]<\/p>\n<h2>Herzlich Willkommen in der Marktsch\u00e4nke Bad D\u00fcrkheim<\/h2>\n<p>[\/et_pb_text][et_pb_divider divider_weight=&#8220;3px&#8220; _builder_version=&#8220;4.9.2&#8243; _module_preset=&#8220;default&#8220; width=&#8220;30%&#8220;][\/et_pb_divider][et_pb_text _builder_version=&#8220;4.9.2&#8243; _module_preset=&#8220;default&#8220; text_font=&#8220;Montserrat||||||||&#8220; text_text_color=&#8220;#000000&#8243; text_font_size=&#8220;18px&#8220; text_line_height=&#8220;1.8em&#8220; header_2_font=&#8220;Montserrat|600|||||||&#8220; header_2_text_color=&#8220;#88B02E&#8220; header_2_font_size=&#8220;30px&#8220;]<\/p>\n<p>Das Restaurant Marktsch\u00e4nke, in unmittelbarer Nachbarschaft zur historischen Burgkirche gelegen, blickt auf eine lange Tradition der Pf\u00e4lzer Geselligkeit zur\u00fcck. Es steht f\u00fcr bodenst\u00e4ndige Gastronomie und der typischen pf\u00e4lzischen Gastlichkeit. Seit Renovierungsarbeiten im Jahr 2010 wird es von Herrn Gani Maraj gef\u00fchrt.<\/p>\n<p>Herr Maraj und sein K\u00fcchenteam verw\u00f6hnen ihre G\u00e4ste mit Pf\u00e4lzer Traditionsk\u00fcche mit mediterranem Einschlag. Die Zutaten werden von regionalen Anbietern bezogen und mit grosser Sorgfalt zubereitet. Ausgesuchte Weine von Winzerh\u00f6fen aus der Umgebung runden das Restaurantangebot ab.<\/p>\n<p>Wer einfach nur ein Gl\u00e4schen Wein trinken m\u00f6chte, ist in unserer Weinstube nat\u00fcrlich auch herzlich willkommen. Und in der w\u00e4rmeren Jahreszeit steht im Aussenbereich auch unser Gartenlokal f\u00fcr gem\u00fctliche Stunden zur Verf\u00fcgung.<\/p>\n<div class=\"clearFix\"><strong>Wir freuen uns auf Ihren Besuch.<\/strong><\/div>\n<p>[\/et_pb_text][\/et_pb_column][\/et_pb_row][\/et_pb_section][et_pb_section fb_built=&#8220;1&#8243; admin_label=&#8220;Adresse &#038; \u00d6ffnungszeiten&#8220; _builder_version=&#8220;4.9.2&#8243; _module_preset=&#8220;default&#8220; background_color=&#8220;#88B02E&#8220;][et_pb_row _builder_version=&#8220;4.9.2&#8243; _module_preset=&#8220;default&#8220;][et_pb_column type=&#8220;4_4&#8243; _builder_version=&#8220;4.9.2&#8243; _module_preset=&#8220;default&#8220;][et_pb_text _builder_version=&#8220;4.9.2&#8243; _module_preset=&#8220;default&#8220; text_font=&#8220;Montserrat||||||||&#8220; text_text_color=&#8220;#FFFFFF&#8220; text_font_size=&#8220;18px&#8220; text_line_height=&#8220;1.8em&#8220; header_text_align=&#8220;center&#8220; header_2_font=&#8220;Montserrat|600|||||||&#8220; header_2_text_color=&#8220;#FFFFFF&#8220; header_2_font_size=&#8220;25px&#8220; header_3_font=&#8220;Montserrat|600|||||||&#8220; header_3_text_color=&#8220;#FFFFFF&#8220; header_3_font_size=&#8220;20px&#8220; text_orientation=&#8220;center&#8220; module_alignment=&#8220;center&#8220;]<\/p>\n<h2>Marktsch\u00e4nke Bad D\u00fcrkheim<\/h2>\n<p>Marktgasse 1, 67098 Bad D\u00fcrkheim<br \/>Tel. 06322-95260<br \/>E-Mail: info@marktschaenke-bad-duerkheim.de<\/p>\n<p>&nbsp;<\/p>\n<h3>\u00d6ffnungszeiten Restraurant:<\/h3>\n<p>Mo &#8211; Sa 11:00 &#8211; 15:00 und 17:00 &#8211; 24:00 Uhr<br \/>Sonn- u. Feiertage durchgehend warme K\u00fcche von 11:00 &#8211; 22:00 Uhr<\/p>\n<p>[\/et_pb_text][\/et_pb_column][\/et_pb_row][\/et_pb_section][et_pb_section fb_built=&#8220;1&#8243; admin_label=&#8220;Partner&#8220; _builder_version=&#8220;4.9.2&#8243; _module_preset=&#8220;default&#8220; background_color=&#8220;#212121&#8243;][et_pb_row column_structure=&#8220;1_4,1_4,1_4,1_4&#8243; _builder_version=&#8220;4.9.2&#8243; _module_preset=&#8220;default&#8220;][et_pb_column type=&#8220;1_4&#8243; _builder_version=&#8220;4.9.2&#8243; _module_preset=&#8220;default&#8220;][et_pb_image src=&#8220;http:\/\/marktschaenke-badduerkheim.de\/web\/wp-content\/uploads\/2021\/05\/logo_stadtduew.png&#8220; title_text=&#8220;logo_stadtduew&#8220; align=&#8220;center&#8220; admin_label=&#8220;Logo Stadt&#8220; _builder_version=&#8220;4.9.2&#8243; _module_preset=&#8220;default&#8220; width=&#8220;80%&#8220;][\/et_pb_image][et_pb_image src=&#8220;http:\/\/marktschaenke-badduerkheim.de\/web\/wp-content\/uploads\/2021\/05\/logo_hambels.png&#8220; title_text=&#8220;logo_hambels&#8220; align=&#8220;center&#8220; admin_label=&#8220;Logo Hambels&#8220; _builder_version=&#8220;4.9.2&#8243; _module_preset=&#8220;default&#8220; width=&#8220;80%&#8220;][\/et_pb_image][\/et_pb_column][et_pb_column type=&#8220;1_4&#8243; _builder_version=&#8220;4.9.2&#8243; _module_preset=&#8220;default&#8220;][et_pb_image src=&#8220;http:\/\/marktschaenke-badduerkheim.de\/web\/wp-content\/uploads\/2021\/05\/logo_vierjahreszeiten.png&#8220; title_text=&#8220;logo_vierjahreszeiten&#8220; align=&#8220;center&#8220; admin_label=&#8220;Logo VJ&#8220; _builder_version=&#8220;4.9.2&#8243; _module_preset=&#8220;default&#8220; width=&#8220;80%&#8220;][\/et_pb_image][et_pb_image src=&#8220;http:\/\/marktschaenke-badduerkheim.de\/web\/wp-content\/uploads\/2021\/05\/logo_wmf.png&#8220; title_text=&#8220;logo_wmf&#8220; align=&#8220;center&#8220; admin_label=&#8220;Logo WMF&#8220; _builder_version=&#8220;4.9.2&#8243; _module_preset=&#8220;default&#8220; width=&#8220;80%&#8220;][\/et_pb_image][\/et_pb_column][et_pb_column type=&#8220;1_4&#8243; _builder_version=&#8220;4.9.2&#8243; _module_preset=&#8220;default&#8220;][et_pb_image src=&#8220;http:\/\/marktschaenke-badduerkheim.de\/web\/wp-content\/uploads\/2021\/05\/logo_heissler.png&#8220; title_text=&#8220;logo_heissler&#8220; align=&#8220;center&#8220; admin_label=&#8220;Logo Heissler&#8220; _builder_version=&#8220;4.9.2&#8243; _module_preset=&#8220;default&#8220; width=&#8220;80%&#8220;][\/et_pb_image][et_pb_image src=&#8220;http:\/\/marktschaenke-badduerkheim.de\/web\/wp-content\/uploads\/2021\/05\/logo_westhoff.png&#8220; title_text=&#8220;logo_westhoff&#8220; align=&#8220;center&#8220; admin_label=&#8220;Logo Westhoff&#8220; _builder_version=&#8220;4.9.2&#8243; _module_preset=&#8220;default&#8220; width=&#8220;80%&#8220;][\/et_pb_image][\/et_pb_column][et_pb_column type=&#8220;1_4&#8243; _builder_version=&#8220;4.9.2&#8243; _module_preset=&#8220;default&#8220;][et_pb_image src=&#8220;http:\/\/marktschaenke-badduerkheim.de\/web\/wp-content\/uploads\/2021\/05\/logo_bischoff.png&#8220; title_text=&#8220;logo_bischoff&#8220; align=&#8220;center&#8220; admin_label=&#8220;Logo Bischoff&#8220; _builder_version=&#8220;4.9.2&#8243; _module_preset=&#8220;default&#8220; width=&#8220;80%&#8220;][\/et_pb_image][\/et_pb_column][\/et_pb_row][\/et_pb_section]<\/p>\n","protected":false},"excerpt":{"rendered":"<p>[et_pb_section fb_built=&#8220;1&#8243; fullwidth=&#8220;on&#8220; _builder_version=&#8220;4.9.2&#8243; _module_preset=&#8220;default&#8220;][et_pb_fullwidth_image src=&#8220;http:\/\/marktschaenke-badduerkheim.de\/web\/wp-content\/uploads\/2021\/05\/banner.png&#8220; title_text=&#8220;banner&#8220; _builder_version=&#8220;4.9.2&#8243; _module_preset=&#8220;default&#8220;][\/et_pb_fullwidth_image][\/et_pb_section][et_pb_section fb_built=&#8220;1&#8243; _builder_version=&#8220;4.9.2&#8243; _module_preset=&#8220;default&#8220;][et_pb_row _builder_version=&#8220;4.9.2&#8243; _module_preset=&#8220;default&#8220;][et_pb_column type=&#8220;4_4&#8243; _builder_version=&#8220;4.9.2&#8243; _module_preset=&#8220;default&#8220;][et_pb_text _builder_version=&#8220;4.9.2&#8243; _module_preset=&#8220;default&#8220; text_font=&#8220;Montserrat||||||||&#8220; text_text_color=&#8220;#000000&#8243; text_font_size=&#8220;16px&#8220; text_line_height=&#8220;1.8em&#8220; header_2_font=&#8220;Montserrat|600|||||||&#8220; header_2_text_color=&#8220;#88B02E&#8220; header_2_font_size=&#8220;30px&#8220;] Herzlich Willkommen in der Marktsch\u00e4nke Bad D\u00fcrkheim [\/et_pb_text][et_pb_divider divider_weight=&#8220;3px&#8220; _builder_version=&#8220;4.9.2&#8243; _module_preset=&#8220;default&#8220; width=&#8220;30%&#8220;][\/et_pb_divider][et_pb_text _builder_version=&#8220;4.9.2&#8243; _module_preset=&#8220;default&#8220; text_font=&#8220;Montserrat||||||||&#8220; text_text_color=&#8220;#000000&#8243; text_font_size=&#8220;18px&#8220; text_line_height=&#8220;1.8em&#8220; header_2_font=&#8220;Montserrat|600|||||||&#8220; header_2_text_color=&#8220;#88B02E&#8220; header_2_font_size=&#8220;30px&#8220;] Das Restaurant Marktsch\u00e4nke, in unmittelbarer Nachbarschaft zur historischen [&hellip;]<\/p>\n","protected":false},"author":2,"featured_media":0,"parent":0,"menu_order":0,"comment_status":"closed","ping_status":"open","template":"","meta":{"_et_pb_use_builder":"on","_et_pb_old_content":"<!-- wp:paragraph -->\n<p>Dies ist eine Beispiel-Seite. Sie unterscheidet sich von Beitr\u00e4gen, da sie stets an derselben Stelle bleibt und (bei den meisten Themes) in der Website-Navigation angezeigt wird. Die meisten starten mit einem Impressum, der Datenschutzerkl\u00e4rung oder einer \u201e\u00dcber\u00a0uns\u201c-Seite, um sich potenziellen Besuchern der Website vorzustellen. Dort k\u00f6nnte zum Beispiel stehen:<\/p>\n<!-- \/wp:paragraph --><!-- wp:quote -->\n<blockquote class=\"wp-block-quote\">\n<p>Hallo! Tags\u00fcber arbeite ich als Fahrradkurier, nachts bin ich ein aufstrebender Schauspieler und dies hier ist meine Website. Ich lebe in Berlin, habe einen gro\u00dfen Hund namens Jack, mag Pi\u00f1a Coladas, jedoch weniger (ohne Schirm) im Regen stehen gelassen zu werden.<\/p>\n<\/blockquote>\n<!-- \/wp:quote --><!-- wp:paragraph -->\n<p>...oder so etwas wie das hier:<\/p>\n<!-- \/wp:paragraph --><!-- wp:quote -->\n<blockquote class=\"wp-block-quote\">\n<p>Das Unternehmen XYZ wurde 1971 gegr\u00fcndet und versorgt die \u00d6ffentlichkeit seither mit qualitativ hochwertigen Produkten. An seinem Standort in einer kleinen Gro\u00dfstadt besch\u00e4ftigt der Betrieb \u00fcber 2.000 Menschen und unterst\u00fctzt die Stadtbewohner in vielfacher Hinsicht.<\/p>\n<\/blockquote>\n<!-- \/wp:quote --><!-- wp:paragraph -->\n<p>Als neuer WordPress-Benutzer solltest du <a href=\"https:\/\/marktschaenke.anstaett-media.de\/wp-admin\/\">dein Dashboard<\/a> aufrufen, um diese Seite zu l\u00f6schen und neue Seiten und Beitr\u00e4ge f\u00fcr deine Website erstellen. Viel Spa\u00df!<\/p>\n<!-- \/wp:paragraph -->","_et_gb_content_width":"","footnotes":""},"class_list":["post-274","page","type-page","status-publish","hentry"],"_links":{"self":[{"href":"https:\/\/marktschaenke-badduerkheim.de\/web\/wp-json\/wp\/v2\/pages\/274","targetHints":{"allow":["GET"]}}],"collection":[{"href":"https:\/\/marktschaenke-badduerkheim.de\/web\/wp-json\/wp\/v2\/pages"}],"about":[{"href":"https:\/\/marktschaenke-badduerkheim.de\/web\/wp-json\/wp\/v2\/types\/page"}],"author":[{"embeddable":true,"href":"https:\/\/marktschaenke-badduerkheim.de\/web\/wp-json\/wp\/v2\/users\/2"}],"replies":[{"embeddable":true,"href":"https:\/\/marktschaenke-badduerkheim.de\/web\/wp-json\/wp\/v2\/comments?post=274"}],"version-history":[{"count":0,"href":"https:\/\/marktschaenke-badduerkheim.de\/web\/wp-json\/wp\/v2\/pages\/274\/revisions"}],"wp:attachment":[{"href":"https:\/\/marktschaenke-badduerkheim.de\/web\/wp-json\/wp\/v2\/media?parent=274"}],"curies":[{"name":"wp","href":"https:\/\/api.w.org\/{rel}","templated":true}]}}