{"id":143,"date":"2021-05-02T12:34:25","date_gmt":"2021-05-02T10:34:25","guid":{"rendered":"https:\/\/marktschaenke.anstaett-media.de\/?page_id=143"},"modified":"2021-05-02T12:34:25","modified_gmt":"2021-05-02T10:34:25","slug":"hotel","status":"publish","type":"page","link":"https:\/\/marktschaenke-badduerkheim.de\/web\/hotel\/","title":{"rendered":"Hotel"},"content":{"rendered":"<p>[et_pb_section fb_built=&#8220;1&#8243; fullwidth=&#8220;on&#8220; _builder_version=&#8220;4.9.2&#8243; _module_preset=&#8220;default&#8220;][et_pb_fullwidth_image src=&#8220;http:\/\/marktschaenke-badduerkheim.de\/web\/wp-content\/uploads\/2021\/05\/banner.png&#8220; title_text=&#8220;banner&#8220; _builder_version=&#8220;4.9.2&#8243; _module_preset=&#8220;default&#8220;][\/et_pb_fullwidth_image][\/et_pb_section][et_pb_section fb_built=&#8220;1&#8243; _builder_version=&#8220;4.9.2&#8243; _module_preset=&#8220;default&#8220;][et_pb_row _builder_version=&#8220;4.9.2&#8243; _module_preset=&#8220;default&#8220;][et_pb_column type=&#8220;4_4&#8243; _builder_version=&#8220;4.9.2&#8243; _module_preset=&#8220;default&#8220;][et_pb_text _builder_version=&#8220;4.9.2&#8243; _module_preset=&#8220;default&#8220; text_font=&#8220;Montserrat||||||||&#8220; text_text_color=&#8220;#000000&#8243; text_font_size=&#8220;16px&#8220; text_line_height=&#8220;1.8em&#8220; header_2_font=&#8220;Montserrat|600|||||||&#8220; header_2_text_color=&#8220;#88B02E&#8220; header_2_font_size=&#8220;30px&#8220;]<\/p>\n<h2>Hotel<\/h2>\n<p>[\/et_pb_text][et_pb_divider divider_weight=&#8220;3px&#8220; _builder_version=&#8220;4.9.2&#8243; _module_preset=&#8220;default&#8220; width=&#8220;30%&#8220;][\/et_pb_divider][\/et_pb_column][\/et_pb_row][et_pb_row column_structure=&#8220;1_2,1_2&#8243; _builder_version=&#8220;4.9.2&#8243; _module_preset=&#8220;default&#8220;][et_pb_column type=&#8220;1_2&#8243; _builder_version=&#8220;4.9.2&#8243; _module_preset=&#8220;default&#8220;][et_pb_text _builder_version=&#8220;4.9.2&#8243; _module_preset=&#8220;default&#8220; text_font=&#8220;Montserrat||||||||&#8220; text_text_color=&#8220;#000000&#8243; text_font_size=&#8220;18px&#8220; text_line_height=&#8220;1.8em&#8220; header_2_font=&#8220;Montserrat|600|||||||&#8220; header_2_text_color=&#8220;#88B02E&#8220; header_2_font_size=&#8220;30px&#8220;]<\/p>\n<p>Entspannen Sie sich in einer gem\u00fctlichen Hotel-Atmosph\u00e4re. Erwachen Sie gest\u00e4rkt nach einer ruhigen Nacht und geniessen Sie unser reichhaltiges Fr\u00fchst\u00fcck.<\/p>\n<p>Alle im Januar 2015 neu renovierten Zimmer des Hotels sind mit Flach-TV, Video, Telefon, Minibar, Dusche und WC ausgestattet.<\/p>\n<p>Das Hotel Marktsch\u00e4nke zeichnet sich durch seine ruhige und dennoch zentrale Lage aus. Zur Bad D\u00fcrkheimer Innenstadt sind es nur 5 Gehminuten.<\/p>\n<p>[\/et_pb_text][\/et_pb_column][et_pb_column type=&#8220;1_2&#8243; _builder_version=&#8220;4.9.2&#8243; _module_preset=&#8220;default&#8220;][et_pb_image src=&#8220;http:\/\/marktschaenke-badduerkheim.de\/web\/wp-content\/uploads\/2021\/06\/hotelzimmer_1.png&#8220; title_text=&#8220;hotelzimmer_1&#8243; _builder_version=&#8220;4.9.2&#8243; _module_preset=&#8220;default&#8220; max_height=&#8220;90%&#8220;][\/et_pb_image][\/et_pb_column][\/et_pb_row][et_pb_row column_structure=&#8220;1_2,1_2&#8243; _builder_version=&#8220;4.9.2&#8243; _module_preset=&#8220;default&#8220;][et_pb_column type=&#8220;1_2&#8243; _builder_version=&#8220;4.9.2&#8243; _module_preset=&#8220;default&#8220;][et_pb_image src=&#8220;http:\/\/marktschaenke-badduerkheim.de\/web\/wp-content\/uploads\/2021\/06\/hotelzimmer_3.png&#8220; title_text=&#8220;Doppelzimmer&#8220; _builder_version=&#8220;4.9.2&#8243; _module_preset=&#8220;default&#8220;][\/et_pb_image][\/et_pb_column][et_pb_column type=&#8220;1_2&#8243; _builder_version=&#8220;4.9.2&#8243; _module_preset=&#8220;default&#8220;][et_pb_text _builder_version=&#8220;4.9.2&#8243; _module_preset=&#8220;default&#8220; text_font=&#8220;Montserrat||||||||&#8220; text_text_color=&#8220;#000000&#8243; text_font_size=&#8220;18px&#8220; text_line_height=&#8220;1.8em&#8220; header_2_font=&#8220;Montserrat|600|||||||&#8220; header_2_text_color=&#8220;#88B02E&#8220; header_2_font_size=&#8220;30px&#8220;]<\/p>\n<p>Unser Hotel verf\u00fcgt \u00fcber 10 Zimmer (als Doppel- oder Einzelzimmer buchbar), davon 1 Suite und 1 Appartement.<\/p>\n<p>Das und die kurzen Wege nach Mannheim, Ludwigshafen oder in die Metropol-Region machen das Hotel Marktsch\u00e4nke auch f\u00fcr Business-Hotelg\u00e4ste ideal. Kostenlose Parkpl\u00e4tze und drei Garagen sind am Haus vorhanden.<\/p>\n<p>Sie erhalten bei uns auf dem Hotelzimmer kostenfreien Internet-Zugang per WLAN.<\/p>\n<p>[\/et_pb_text][\/et_pb_column][\/et_pb_row][\/et_pb_section][et_pb_section fb_built=&#8220;1&#8243; admin_label=&#8220;Speise- und Getr\u00e4nkekarte&#8220; _builder_version=&#8220;4.9.2&#8243; _module_preset=&#8220;default&#8220; background_color=&#8220;#88B02E&#8220;][et_pb_row _builder_version=&#8220;4.9.2&#8243; _module_preset=&#8220;default&#8220;][et_pb_column type=&#8220;4_4&#8243; _builder_version=&#8220;4.9.2&#8243; _module_preset=&#8220;default&#8220;][et_pb_text _builder_version=&#8220;4.9.2&#8243; _module_preset=&#8220;default&#8220; text_font=&#8220;Montserrat||||||||&#8220; text_text_color=&#8220;#000000&#8243; text_font_size=&#8220;18px&#8220; text_line_height=&#8220;1.8em&#8220; header_2_font=&#8220;Montserrat|600|||||||&#8220; header_2_text_color=&#8220;#FFFFFF&#8220; header_2_font_size=&#8220;30px&#8220; header_2_line_height=&#8220;1.5em&#8220; module_alignment=&#8220;center&#8220; hover_enabled=&#8220;0&#8243; sticky_enabled=&#8220;0&#8243;]<\/p>\n<h2 style=\"text-align: center;\">Buchen Sie jetzt Ihr Zimmer auf unserem Buchungsportal<br \/>oder rufen Sie uns an 06322\/95260<\/h2>\n<p>[\/et_pb_text][et_pb_button button_url=&#8220;https:\/\/marktschaenke.base7booking.com\/?adults=0&#038;babies=0&#038;juniors=0&#038;lang=de&#038;property=1&#8243; url_new_window=&#8220;on&#8220; button_text=&#8220;Buchungsportal&#8220; button_alignment=&#8220;center&#8220; _builder_version=&#8220;4.9.2&#8243; _module_preset=&#8220;default&#8220; custom_button=&#8220;on&#8220; button_text_color=&#8220;#FFFFFF&#8220; button_bg_color=&#8220;#88B02E&#8220; button_border_color=&#8220;#FFFFFF&#8220; button_font=&#8220;Montserrat||||||||&#8220; button_icon=&#8220;%%119%%&#8220; button_icon_placement=&#8220;left&#8220; button_on_hover=&#8220;off&#8220; background_layout=&#8220;dark&#8220; button_text_color__hover_enabled=&#8220;on|hover&#8220; button_bg_color__hover_enabled=&#8220;on|desktop&#8220; button_border_color__hover_enabled=&#8220;on|desktop&#8220; button_text_color__hover=&#8220;#88B02E&#8220; button_bg_color__hover=&#8220;#FFFFFF&#8220; button_bg_enable_color__hover=&#8220;on&#8220; button_border_color__hover=&#8220;#FFFFFF&#8220;][\/et_pb_button][\/et_pb_column][\/et_pb_row][\/et_pb_section][et_pb_section fb_built=&#8220;1&#8243; admin_label=&#8220;Zimmerpreise&#8220; _builder_version=&#8220;4.9.2&#8243; _module_preset=&#8220;default&#8220;][et_pb_row _builder_version=&#8220;4.9.2&#8243; _module_preset=&#8220;default&#8220;][et_pb_column type=&#8220;4_4&#8243; _builder_version=&#8220;4.9.2&#8243; _module_preset=&#8220;default&#8220;][et_pb_text _builder_version=&#8220;4.9.2&#8243; _module_preset=&#8220;default&#8220; text_font=&#8220;Montserrat||||||||&#8220; text_text_color=&#8220;#000000&#8243; text_font_size=&#8220;16px&#8220; text_line_height=&#8220;1.8em&#8220; header_2_font=&#8220;Montserrat|600|||||||&#8220; header_2_text_color=&#8220;#88B02E&#8220; header_2_font_size=&#8220;25px&#8220;]<\/p>\n<h2>Zimmerpreise<\/h2>\n<p>[\/et_pb_text][et_pb_divider divider_weight=&#8220;3px&#8220; _builder_version=&#8220;4.9.2&#8243; _module_preset=&#8220;default&#8220; width=&#8220;30%&#8220; hover_enabled=&#8220;0&#8243; sticky_enabled=&#8220;0&#8243;][\/et_pb_divider][et_pb_text _builder_version=&#8220;4.9.2&#8243; _module_preset=&#8220;default&#8220; text_font=&#8220;Montserrat||||||||&#8220; text_text_color=&#8220;#000000&#8243; text_font_size=&#8220;18px&#8220; text_line_height=&#8220;1.8em&#8220; header_2_font=&#8220;Montserrat|600|||||||&#8220; header_2_text_color=&#8220;#88B02E&#8220; header_2_font_size=&#8220;30px&#8220; hover_enabled=&#8220;0&#8243; sticky_enabled=&#8220;0&#8243;]<\/p>\n<p>Gerne erstellt Herr Maraj Ihnen telefonisch oder per E-Mail ein individuelles Angebot. <\/p>\n<p>[\/et_pb_text][et_pb_tabs active_tab_background_color=&#8220;#88B02E&#8220; inactive_tab_background_color=&#8220;#ffffff&#8220; active_tab_text_color=&#8220;#FFFFFF&#8220; _builder_version=&#8220;4.9.2&#8243; _module_preset=&#8220;default&#8220; tab_text_color=&#8220;#88B02E&#8220; body_font=&#8220;Montserrat||||||||&#8220; body_text_color=&#8220;#000000&#8243; body_font_size=&#8220;16px&#8220; tab_font=&#8220;Montserrat||||||||&#8220; tab_font_size=&#8220;20px&#8220; border_color_all=&#8220;#88B02E&#8220;][et_pb_tab title=&#8220;November &#8211; Februar&#8220; _builder_version=&#8220;4.9.2&#8243; _module_preset=&#8220;default&#8220; tab_font=&#8220;Montserrat||||||||&#8220;]<\/p>\n<p>Alle Preise inkl. Fr\u00fchst\u00fcck<\/p>\n<p><strong>Zimmer<\/strong><\/p>\n<table style=\"height: 92px; width: 100%; border-collapse: collapse;\" border=\"0\">\n<tbody>\n<tr style=\"height: 23px;\">\n<td style=\"width: 50%; height: 23px;\">Doppelzimmer als Einzelzimmer<\/td>\n<td style=\"width: 50%; height: 23px;\">80,00 \u20ac<\/td>\n<\/tr>\n<tr style=\"height: 23px;\">\n<td style=\"width: 50%; height: 23px;\">Doppelzimmer f\u00fcr zwei Personen<\/td>\n<td style=\"width: 50%; height: 23px;\">98,00 \u20ac<\/td>\n<\/tr>\n<tr style=\"height: 23px;\">\n<td style=\"width: 50%; height: 23px;\">Dreibettzimmer<\/td>\n<td style=\"width: 50%; height: 23px;\">120,00 \u20ac<\/td>\n<\/tr>\n<tr style=\"height: 23px;\">\n<td style=\"width: 50%; height: 23px;\">Vierbettzimmer<\/td>\n<td style=\"width: 50%; height: 23px;\">140,00 \u20ac<\/td>\n<\/tr>\n<\/tbody>\n<\/table>\n<p><strong>Suite<\/strong><\/p>\n<table style=\"width: 100%; border-collapse: collapse;\" border=\"0\">\n<tbody>\n<tr>\n<td style=\"width: 50%;\">Studiowohnung belegt mit 2 Personen<\/td>\n<td style=\"width: 50%;\">110,00 \u20ac<\/td>\n<\/tr>\n<tr>\n<td style=\"width: 50%;\">Studiowohnung belegt mit 3 Personen<\/td>\n<td style=\"width: 50%;\">130,00 \u20ac<\/td>\n<\/tr>\n<tr>\n<td style=\"width: 50%;\">Studiowohnung belegt mit 4 Personen<\/td>\n<td style=\"width: 50%;\">140,00 \u20ac<\/td>\n<\/tr>\n<\/tbody>\n<\/table>\n<p><strong>Wochend- und Feiertags Angebot <\/strong>(ab 3 \u00dcbernachtungen 10% Rabatt)<\/p>\n<table style=\"width: 100%; border-collapse: collapse; height: 66px;\" border=\"0\">\n<tbody>\n<tr style=\"height: 22px;\">\n<td style=\"width: 50%; height: 22px;\">1 \u00dcbernachtung im Doppelzimmer (2 Personen)<\/td>\n<td style=\"width: 50%; height: 22px;\">104,00 \u20ac<\/td>\n<\/tr>\n<tr style=\"height: 22px;\">\n<td style=\"width: 50%; height: 22px;\">1 \u00dcbernachtung im Dreibettzimmer<\/td>\n<td style=\"width: 50%; height: 22px;\">130,00 \u20ac<\/td>\n<\/tr>\n<tr style=\"height: 22px;\">\n<td style=\"width: 50%; height: 22px;\">1 \u00dcbernachtung im Vierbettzimmer<\/td>\n<td style=\"width: 50%; height: 22px;\">130,00 \u20ac<\/td>\n<\/tr>\n<\/tbody>\n<\/table>\n<p>&nbsp;<\/p>\n<p>[\/et_pb_tab][et_pb_tab title=&#8220;M\u00e4rz &#8211; Juli&#8220; _builder_version=&#8220;4.9.2&#8243; _module_preset=&#8220;default&#8220; tab_font=&#8220;Montserrat||||||||&#8220;]<\/p>\n<p>Alle Preise inkl. Fr\u00fchst\u00fcck<\/p>\n<p><strong>Zimmer<\/strong><\/p>\n<table style=\"height: 92px; width: 100%; border-collapse: collapse;\" border=\"0\">\n<tbody>\n<tr style=\"height: 23px;\">\n<td style=\"width: 50%; height: 23px;\">Doppelzimmer als Einzelzimmer<\/td>\n<td style=\"width: 50%; height: 23px;\">85,00 \u20ac<\/td>\n<\/tr>\n<tr style=\"height: 23px;\">\n<td style=\"width: 50%; height: 23px;\">Doppelzimmer f\u00fcr zwei Personen<\/td>\n<td style=\"width: 50%; height: 23px;\">108,00 \u20ac<\/td>\n<\/tr>\n<tr style=\"height: 23px;\">\n<td style=\"width: 50%; height: 23px;\">Dreibettzimmer<\/td>\n<td style=\"width: 50%; height: 23px;\">130,00 \u20ac<\/td>\n<\/tr>\n<tr style=\"height: 23px;\">\n<td style=\"width: 50%; height: 23px;\">Vierbettzimmer<\/td>\n<td style=\"width: 50%; height: 23px;\">150,00 \u20ac<\/td>\n<\/tr>\n<\/tbody>\n<\/table>\n<p><strong>Suite<\/strong><\/p>\n<table style=\"width: 100%; border-collapse: collapse;\" border=\"0\">\n<tbody>\n<tr>\n<td style=\"width: 50%;\">Studiowohnung belegt mit 2 Personen<\/td>\n<td style=\"width: 50%;\">120,00 \u20ac<\/td>\n<\/tr>\n<tr>\n<td style=\"width: 50%;\">Studiowohnung belegt mit 3 Personen<\/td>\n<td style=\"width: 50%;\">140,00 \u20ac<\/td>\n<\/tr>\n<tr>\n<td style=\"width: 50%;\">Studiowohnung belegt mit 4 Personen<\/td>\n<td style=\"width: 50%;\">160,00 \u20ac<\/td>\n<\/tr>\n<\/tbody>\n<\/table>\n<p><strong>Wochend- und Feiertags Angebot <\/strong>(ab 3 \u00dcbernachtungen 10% Rabatt)<\/p>\n<table style=\"width: 100%; border-collapse: collapse;\" border=\"0\">\n<tbody>\n<tr>\n<td style=\"width: 50%;\">1 \u00dcbernachtung im Doppelzimmer (2 Personen)<\/td>\n<td style=\"width: 50%;\">112,00 \u20ac<\/td>\n<\/tr>\n<tr>\n<td style=\"width: 50%;\">1 \u00dcbernachtung im Dreibettzimmer<\/td>\n<td style=\"width: 50%;\">140,00 \u20ac<\/td>\n<\/tr>\n<tr>\n<td style=\"width: 50%;\">1 \u00dcbernachtung im Vierbettzimmer<\/td>\n<td style=\"width: 50%;\">160,00 \u20ac<\/td>\n<\/tr>\n<\/tbody>\n<\/table>\n<p>&nbsp;<\/p>\n<p>[\/et_pb_tab][et_pb_tab title=&#8220;August &#8211; Oktober&#8220; _builder_version=&#8220;4.9.2&#8243; _module_preset=&#8220;default&#8220; tab_font=&#8220;Montserrat||||||||&#8220;]<\/p>\n<p>Alle Preise inkl. Fr\u00fchst\u00fcck<\/p>\n<p><strong>Zimmer<\/strong><\/p>\n<table style=\"height: 92px; width: 100%; border-collapse: collapse;\" border=\"0\">\n<tbody>\n<tr style=\"height: 23px;\">\n<td style=\"width: 50%; height: 23px;\">Doppelzimmer als Einzelzimmer<\/td>\n<td style=\"width: 50%; height: 23px;\">ab 98,00\u20ac*<\/td>\n<\/tr>\n<tr style=\"height: 23px;\">\n<td style=\"width: 50%; height: 23px;\">Doppelzimmer f\u00fcr zwei Personen<\/td>\n<td style=\"width: 50%; height: 23px;\">ab 115,00 \u20ac*<\/td>\n<\/tr>\n<tr style=\"height: 23px;\">\n<td style=\"width: 50%; height: 23px;\">Dreibettzimmer<\/td>\n<td style=\"width: 50%; height: 23px;\">135,00 \u20ac<\/td>\n<\/tr>\n<tr style=\"height: 23px;\">\n<td style=\"width: 50%; height: 23px;\">Vierbettzimmer<\/td>\n<td style=\"width: 50%; height: 23px;\">160,00 \u20ac<\/td>\n<\/tr>\n<\/tbody>\n<\/table>\n<p><strong>Suite<\/strong><\/p>\n<table style=\"width: 100%; border-collapse: collapse;\" border=\"0\">\n<tbody>\n<tr>\n<td style=\"width: 50%;\">Studiowohnung belegt mit 2 Personen<\/td>\n<td style=\"width: 50%;\">120,00 \u20ac<\/td>\n<\/tr>\n<tr>\n<td style=\"width: 50%;\">Studiowohnung belegt mit 3 Personen<\/td>\n<td style=\"width: 50%;\">140,00 \u20ac<\/td>\n<\/tr>\n<tr>\n<td style=\"width: 50%;\">Studiowohnung belegt mit 4 Personen<\/td>\n<td style=\"width: 50%;\">160,00 \u20ac<\/td>\n<\/tr>\n<\/tbody>\n<\/table>\n<p><strong>Wochend- und Feiertags Angebot <\/strong>(ab 3 \u00dcbernachtungen 10% Rabatt)<\/p>\n<table style=\"width: 100%; border-collapse: collapse;\" border=\"0\">\n<tbody>\n<tr>\n<td style=\"width: 50%;\">1 \u00dcbernachtung im Doppelzimmer (2 Personen)<\/td>\n<td style=\"width: 50%;\">114,00 \u20ac<\/td>\n<\/tr>\n<tr>\n<td style=\"width: 50%;\">1 \u00dcbernachtung im Dreibettzimmer<\/td>\n<td style=\"width: 50%;\">140,00 \u20ac<\/td>\n<\/tr>\n<tr>\n<td style=\"width: 50%;\">1 \u00dcbernachtung im Vierbettzimmer<\/td>\n<td style=\"width: 50%;\">160,00 \u20ac<\/td>\n<\/tr>\n<\/tbody>\n<\/table>\n<p>* und nach Vereinbarung<\/p>\n<p>[\/et_pb_tab][et_pb_tab title=&#8220;Bad D\u00fcrkheimer Wurstmarkt&#8220; _builder_version=&#8220;4.9.2&#8243; _module_preset=&#8220;default&#8220; tab_font=&#8220;Montserrat||||||||&#8220;]<\/p>\n<table style=\"height: 92px; width: 100%; border-collapse: collapse;\" border=\"0\">\n<tbody>\n<tr style=\"height: 23px;\">\n<td style=\"width: 50%; height: 23px;\">Zweibettzimmer mit Fr\u00fchst\u00fcck<\/td>\n<td style=\"width: 50%; height: 23px;\">130,00 \u20ac<\/td>\n<\/tr>\n<tr style=\"height: 23px;\">\n<td style=\"width: 50%; height: 23px;\">Dreibettzimmer mit Fr\u00fchst\u00fcck<\/td>\n<td style=\"width: 50%; height: 23px;\">150,00 \u20ac<\/td>\n<\/tr>\n<tr style=\"height: 23px;\">\n<td style=\"width: 50%; height: 23px;\">Vierbettzimmer mit Fr\u00fchst\u00fcck<\/td>\n<td style=\"width: 50%; height: 23px;\">180,00 \u20ac<\/td>\n<\/tr>\n<tr style=\"height: 23px;\">\n<td style=\"width: 50%; height: 23px;\">Studiowohnung<\/td>\n<td style=\"width: 50%; height: 23px;\">200,00 \u20ac<\/td>\n<\/tr>\n<\/tbody>\n<\/table>\n<p>&nbsp;<\/p>\n<p>[\/et_pb_tab][\/et_pb_tabs][\/et_pb_column][\/et_pb_row][\/et_pb_section][et_pb_section fb_built=&#8220;1&#8243; admin_label=&#8220;Impressionen&#8220; _builder_version=&#8220;4.9.2&#8243; _module_preset=&#8220;default&#8220;][et_pb_row _builder_version=&#8220;4.9.2&#8243; _module_preset=&#8220;default&#8220;][et_pb_column type=&#8220;4_4&#8243; _builder_version=&#8220;4.9.2&#8243; _module_preset=&#8220;default&#8220;][et_pb_text _builder_version=&#8220;4.9.2&#8243; _module_preset=&#8220;default&#8220; text_font=&#8220;Montserrat||||||||&#8220; text_text_color=&#8220;#000000&#8243; text_font_size=&#8220;16px&#8220; text_line_height=&#8220;1.8em&#8220; header_2_font=&#8220;Montserrat|600|||||||&#8220; header_2_text_color=&#8220;#88B02E&#8220; header_2_font_size=&#8220;25px&#8220;]<\/p>\n<h2>Impressionen<\/h2>\n<p>[\/et_pb_text][et_pb_divider divider_weight=&#8220;3px&#8220; _builder_version=&#8220;4.9.2&#8243; _module_preset=&#8220;default&#8220; width=&#8220;30%&#8220;][\/et_pb_divider][et_pb_gallery gallery_ids=&#8220;225,228,229,223,226,222&#8243; posts_number=&#8220;8&#8243; show_title_and_caption=&#8220;off&#8220; show_pagination=&#8220;off&#8220; _builder_version=&#8220;4.9.2&#8243; _module_preset=&#8220;default&#8220; title_font=&#8220;Montserrat||||||||&#8220; caption_font=&#8220;Montserrat||||||||&#8220; pagination_font=&#8220;Montserrat||||||||&#8220;][\/et_pb_gallery][\/et_pb_column][\/et_pb_row][\/et_pb_section]<\/p>\n","protected":false},"excerpt":{"rendered":"<p>[et_pb_section fb_built=&#8220;1&#8243; fullwidth=&#8220;on&#8220; _builder_version=&#8220;4.9.2&#8243; _module_preset=&#8220;default&#8220;][et_pb_fullwidth_image src=&#8220;http:\/\/marktschaenke-badduerkheim.de\/web\/wp-content\/uploads\/2021\/05\/banner.png&#8220; title_text=&#8220;banner&#8220; _builder_version=&#8220;4.9.2&#8243; _module_preset=&#8220;default&#8220;][\/et_pb_fullwidth_image][\/et_pb_section][et_pb_section fb_built=&#8220;1&#8243; _builder_version=&#8220;4.9.2&#8243; _module_preset=&#8220;default&#8220;][et_pb_row _builder_version=&#8220;4.9.2&#8243; _module_preset=&#8220;default&#8220;][et_pb_column type=&#8220;4_4&#8243; _builder_version=&#8220;4.9.2&#8243; _module_preset=&#8220;default&#8220;][et_pb_text _builder_version=&#8220;4.9.2&#8243; _module_preset=&#8220;default&#8220; text_font=&#8220;Montserrat||||||||&#8220; text_text_color=&#8220;#000000&#8243; text_font_size=&#8220;16px&#8220; text_line_height=&#8220;1.8em&#8220; header_2_font=&#8220;Montserrat|600|||||||&#8220; header_2_text_color=&#8220;#88B02E&#8220; header_2_font_size=&#8220;30px&#8220;] Hotel [\/et_pb_text][et_pb_divider divider_weight=&#8220;3px&#8220; _builder_version=&#8220;4.9.2&#8243; _module_preset=&#8220;default&#8220; width=&#8220;30%&#8220;][\/et_pb_divider][\/et_pb_column][\/et_pb_row][et_pb_row column_structure=&#8220;1_2,1_2&#8243; _builder_version=&#8220;4.9.2&#8243; _module_preset=&#8220;default&#8220;][et_pb_column type=&#8220;1_2&#8243; _builder_version=&#8220;4.9.2&#8243; _module_preset=&#8220;default&#8220;][et_pb_text _builder_version=&#8220;4.9.2&#8243; _module_preset=&#8220;default&#8220; text_font=&#8220;Montserrat||||||||&#8220; text_text_color=&#8220;#000000&#8243; text_font_size=&#8220;18px&#8220; text_line_height=&#8220;1.8em&#8220; header_2_font=&#8220;Montserrat|600|||||||&#8220; header_2_text_color=&#8220;#88B02E&#8220; header_2_font_size=&#8220;30px&#8220;] Entspannen Sie sich in einer gem\u00fctlichen Hotel-Atmosph\u00e4re. Erwachen [&hellip;]<\/p>\n","protected":false},"author":2,"featured_media":0,"parent":0,"menu_order":0,"comment_status":"closed","ping_status":"closed","template":"","meta":{"_et_pb_use_builder":"on","_et_pb_old_content":"","_et_gb_content_width":"","footnotes":""},"class_list":["post-143","page","type-page","status-publish","hentry"],"_links":{"self":[{"href":"https:\/\/marktschaenke-badduerkheim.de\/web\/wp-json\/wp\/v2\/pages\/143","targetHints":{"allow":["GET"]}}],"collection":[{"href":"https:\/\/marktschaenke-badduerkheim.de\/web\/wp-json\/wp\/v2\/pages"}],"about":[{"href":"https:\/\/marktschaenke-badduerkheim.de\/web\/wp-json\/wp\/v2\/types\/page"}],"author":[{"embeddable":true,"href":"https:\/\/marktschaenke-badduerkheim.de\/web\/wp-json\/wp\/v2\/users\/2"}],"replies":[{"embeddable":true,"href":"https:\/\/marktschaenke-badduerkheim.de\/web\/wp-json\/wp\/v2\/comments?post=143"}],"version-history":[{"count":0,"href":"https:\/\/marktschaenke-badduerkheim.de\/web\/wp-json\/wp\/v2\/pages\/143\/revisions"}],"wp:attachment":[{"href":"https:\/\/marktschaenke-badduerkheim.de\/web\/wp-json\/wp\/v2\/media?parent=143"}],"curies":[{"name":"wp","href":"https:\/\/api.w.org\/{rel}","templated":true}]}}