{"id":115,"date":"2021-05-02T11:46:51","date_gmt":"2021-05-02T09:46:51","guid":{"rendered":"https:\/\/marktschaenke.anstaett-media.de\/?page_id=115"},"modified":"2021-05-02T11:46:51","modified_gmt":"2021-05-02T09:46:51","slug":"restaurant","status":"publish","type":"page","link":"https:\/\/marktschaenke-badduerkheim.de\/web\/restaurant\/","title":{"rendered":"Restaurant"},"content":{"rendered":"<p>[et_pb_section fb_built=&#8220;1&#8243; fullwidth=&#8220;on&#8220; _builder_version=&#8220;4.9.2&#8243; _module_preset=&#8220;default&#8220;][et_pb_fullwidth_image src=&#8220;http:\/\/marktschaenke-badduerkheim.de\/web\/wp-content\/uploads\/2021\/05\/banner.png&#8220; title_text=&#8220;banner&#8220; _builder_version=&#8220;4.9.2&#8243; _module_preset=&#8220;default&#8220;][\/et_pb_fullwidth_image][\/et_pb_section][et_pb_section fb_built=&#8220;1&#8243; _builder_version=&#8220;4.9.2&#8243; _module_preset=&#8220;default&#8220;][et_pb_row _builder_version=&#8220;4.9.2&#8243; _module_preset=&#8220;default&#8220;][et_pb_column type=&#8220;4_4&#8243; _builder_version=&#8220;4.9.2&#8243; _module_preset=&#8220;default&#8220;][et_pb_text _builder_version=&#8220;4.9.2&#8243; _module_preset=&#8220;default&#8220; text_font=&#8220;Montserrat||||||||&#8220; text_text_color=&#8220;#000000&#8243; text_font_size=&#8220;16px&#8220; text_line_height=&#8220;1.8em&#8220; header_2_font=&#8220;Montserrat|600|||||||&#8220; header_2_text_color=&#8220;#88B02E&#8220; header_2_font_size=&#8220;30px&#8220;]<\/p>\n<h2>Restaurant &amp; Pf\u00e4lzer Weinstube<\/h2>\n<p>[\/et_pb_text][et_pb_divider divider_weight=&#8220;3px&#8220; _builder_version=&#8220;4.9.2&#8243; _module_preset=&#8220;default&#8220; width=&#8220;30%&#8220;][\/et_pb_divider][\/et_pb_column][\/et_pb_row][et_pb_row column_structure=&#8220;1_2,1_2&#8243; _builder_version=&#8220;4.9.2&#8243; _module_preset=&#8220;default&#8220;][et_pb_column type=&#8220;1_2&#8243; _builder_version=&#8220;4.9.2&#8243; _module_preset=&#8220;default&#8220;][et_pb_text _builder_version=&#8220;4.9.2&#8243; _module_preset=&#8220;default&#8220; text_font=&#8220;Montserrat||||||||&#8220; text_text_color=&#8220;#000000&#8243; text_font_size=&#8220;18px&#8220; text_line_height=&#8220;1.8em&#8220; header_2_font=&#8220;Montserrat|600|||||||&#8220; header_2_text_color=&#8220;#88B02E&#8220; header_2_font_size=&#8220;30px&#8220;]<\/p>\n<p>Gastronomie mit Herz \u2013 das ist der Anspruch der Marktsch\u00e4nke. Wir wollen, dass Sie bei uns angenehmer Atmosph\u00e4re entspannen und geniessen. Unsere Lokalit\u00e4ten bieten das passende Ambiente. Schlichte Eleganz im Restaurant, rustikal in der Pf\u00e4lzer Weinstube oder unser mediterranes Gartenlokal laden Sie hierzu herzlich ein.<\/p>\n<p>Qualit\u00e4tsfleisch und Gem\u00fcse aus heimischer Produktion \u2013 das sind die Grundlagen aus denen unser K\u00fcchenchef Max gutb\u00fcrgerliche \u2013 klassische Gerichte mit dem gewissen Etwas \u2013 auf die Teller zaubert. Dazu bieten wir Ihnen passende Weine von Winzern aus der Pfalz an.<\/p>\n<p>[\/et_pb_text][\/et_pb_column][et_pb_column type=&#8220;1_2&#8243; _builder_version=&#8220;4.9.2&#8243; _module_preset=&#8220;default&#8220;][et_pb_image src=&#8220;http:\/\/marktschaenke-badduerkheim.de\/web\/wp-content\/uploads\/2021\/06\/Gartenlokal1.png&#8220; title_text=&#8220;Gartenlokal1&#8243; _builder_version=&#8220;4.9.2&#8243; _module_preset=&#8220;default&#8220;][\/et_pb_image][\/et_pb_column][\/et_pb_row][et_pb_row column_structure=&#8220;1_2,1_2&#8243; _builder_version=&#8220;4.9.2&#8243; _module_preset=&#8220;default&#8220;][et_pb_column type=&#8220;1_2&#8243; _builder_version=&#8220;4.9.2&#8243; _module_preset=&#8220;default&#8220;][et_pb_image src=&#8220;http:\/\/marktschaenke-badduerkheim.de\/web\/wp-content\/uploads\/2021\/06\/Marktschaenke.png&#8220; title_text=&#8220;Marktsch\u00e4nke&#8220; _builder_version=&#8220;4.9.2&#8243; _module_preset=&#8220;default&#8220;][\/et_pb_image][\/et_pb_column][et_pb_column type=&#8220;1_2&#8243; _builder_version=&#8220;4.9.2&#8243; _module_preset=&#8220;default&#8220;][et_pb_text _builder_version=&#8220;4.9.2&#8243; _module_preset=&#8220;default&#8220; text_font=&#8220;Montserrat||||||||&#8220; text_text_color=&#8220;#000000&#8243; text_font_size=&#8220;18px&#8220; text_line_height=&#8220;1.8em&#8220; header_2_font=&#8220;Montserrat|600|||||||&#8220; header_2_text_color=&#8220;#88B02E&#8220; header_2_font_size=&#8220;30px&#8220;]<\/p>\n<p>Das Restaurant Marktsch\u00e4nke bietet mit seinen 45 Pl\u00e4tzen viel Raum f\u00fcr Hochzeiten, Geburtstagsfeiern und Betriebsfeste. F\u00fcr kleinere Events steht unser separater Nebenraum mit max. 15 Pl\u00e4tzen f\u00fcr Sie zur Verf\u00fcgung. Wir helfen Ihnen gerne bei der Planung Ihres Festes in einem guten Preis-Leistungsverh\u00e4ltnis.<\/p>\n<p>Raus aus dem Alltag, rein in das Restaurant Marktsch\u00e4nke Bad D\u00fcrkheim. Gastronomie mit Herz \u00e4ussert sich deshalb nicht nur im Service. Das Herz ist auch unsere kreative K\u00fcche, die von der Pfalz bis Mediterran keine W\u00fcnsche offen l\u00e4sst.<\/p>\n<p>[\/et_pb_text][\/et_pb_column][\/et_pb_row][\/et_pb_section][et_pb_section fb_built=&#8220;1&#8243; admin_label=&#8220;Speise- und Getr\u00e4nkekarte&#8220; _builder_version=&#8220;4.9.2&#8243; _module_preset=&#8220;default&#8220; background_color=&#8220;#88B02E&#8220;][et_pb_row _builder_version=&#8220;4.9.2&#8243; _module_preset=&#8220;default&#8220;][et_pb_column type=&#8220;4_4&#8243; _builder_version=&#8220;4.9.2&#8243; _module_preset=&#8220;default&#8220;][et_pb_text _builder_version=&#8220;4.9.2&#8243; _module_preset=&#8220;default&#8220; text_font=&#8220;Montserrat||||||||&#8220; text_text_color=&#8220;#000000&#8243; text_font_size=&#8220;18px&#8220; text_line_height=&#8220;1.8em&#8220; header_2_font=&#8220;Montserrat|600|||||||&#8220; header_2_text_color=&#8220;#FFFFFF&#8220; header_2_font_size=&#8220;30px&#8220; module_alignment=&#8220;center&#8220;]<\/p>\n<h2 style=\"text-align: center;\">Hier finden Sie unser Gerichte und Getr\u00e4nke<\/h2>\n<p>[\/et_pb_text][et_pb_button button_url=&#8220;http:\/\/marktschaenke-badduerkheim.de\/web\/wp-content\/uploads\/2021\/05\/Karte2021.pdf&#8220; button_text=&#8220;Speise- &#038; Getr\u00e4nkekarte&#8220; button_alignment=&#8220;center&#8220; _builder_version=&#8220;4.9.2&#8243; _module_preset=&#8220;default&#8220; custom_button=&#8220;on&#8220; button_text_color=&#8220;#FFFFFF&#8220; button_bg_color=&#8220;#88B02E&#8220; button_border_color=&#8220;#FFFFFF&#8220; button_font=&#8220;Montserrat||||||||&#8220; button_icon=&#8220;%%72%%&#8220; button_icon_placement=&#8220;left&#8220; button_on_hover=&#8220;off&#8220; background_layout=&#8220;dark&#8220; button_text_color__hover_enabled=&#8220;on|hover&#8220; button_bg_color__hover_enabled=&#8220;on|desktop&#8220; button_border_color__hover_enabled=&#8220;on|desktop&#8220; button_text_color__hover=&#8220;#88B02E&#8220; button_bg_color__hover=&#8220;#FFFFFF&#8220; button_bg_enable_color__hover=&#8220;on&#8220; button_border_color__hover=&#8220;#FFFFFF&#8220;][\/et_pb_button][\/et_pb_column][\/et_pb_row][\/et_pb_section][et_pb_section fb_built=&#8220;1&#8243; admin_label=&#8220;Impressionen&#8220; _builder_version=&#8220;4.9.2&#8243; _module_preset=&#8220;default&#8220;][et_pb_row _builder_version=&#8220;4.9.2&#8243; _module_preset=&#8220;default&#8220;][et_pb_column type=&#8220;4_4&#8243; _builder_version=&#8220;4.9.2&#8243; _module_preset=&#8220;default&#8220;][et_pb_text _builder_version=&#8220;4.9.2&#8243; _module_preset=&#8220;default&#8220; text_font=&#8220;Montserrat||||||||&#8220; text_text_color=&#8220;#000000&#8243; text_font_size=&#8220;16px&#8220; text_line_height=&#8220;1.8em&#8220; header_2_font=&#8220;Montserrat|600|||||||&#8220; header_2_text_color=&#8220;#88B02E&#8220; header_2_font_size=&#8220;25px&#8220;]<\/p>\n<h2>Impressionen<\/h2>\n<p>[\/et_pb_text][et_pb_divider divider_weight=&#8220;3px&#8220; _builder_version=&#8220;4.9.2&#8243; _module_preset=&#8220;default&#8220; width=&#8220;30%&#8220;][\/et_pb_divider][et_pb_gallery gallery_ids=&#8220;11,9,232,233,234,237,238,240&#8243; posts_number=&#8220;8&#8243; show_title_and_caption=&#8220;off&#8220; show_pagination=&#8220;off&#8220; _builder_version=&#8220;4.9.2&#8243; _module_preset=&#8220;default&#8220;][\/et_pb_gallery][\/et_pb_column][\/et_pb_row][\/et_pb_section]<\/p>\n","protected":false},"excerpt":{"rendered":"<p>[et_pb_section fb_built=&#8220;1&#8243; fullwidth=&#8220;on&#8220; _builder_version=&#8220;4.9.2&#8243; _module_preset=&#8220;default&#8220;][et_pb_fullwidth_image src=&#8220;http:\/\/marktschaenke-badduerkheim.de\/web\/wp-content\/uploads\/2021\/05\/banner.png&#8220; title_text=&#8220;banner&#8220; _builder_version=&#8220;4.9.2&#8243; _module_preset=&#8220;default&#8220;][\/et_pb_fullwidth_image][\/et_pb_section][et_pb_section fb_built=&#8220;1&#8243; _builder_version=&#8220;4.9.2&#8243; _module_preset=&#8220;default&#8220;][et_pb_row _builder_version=&#8220;4.9.2&#8243; _module_preset=&#8220;default&#8220;][et_pb_column type=&#8220;4_4&#8243; _builder_version=&#8220;4.9.2&#8243; _module_preset=&#8220;default&#8220;][et_pb_text _builder_version=&#8220;4.9.2&#8243; _module_preset=&#8220;default&#8220; text_font=&#8220;Montserrat||||||||&#8220; text_text_color=&#8220;#000000&#8243; text_font_size=&#8220;16px&#8220; text_line_height=&#8220;1.8em&#8220; header_2_font=&#8220;Montserrat|600|||||||&#8220; header_2_text_color=&#8220;#88B02E&#8220; header_2_font_size=&#8220;30px&#8220;] Restaurant &amp; Pf\u00e4lzer Weinstube [\/et_pb_text][et_pb_divider divider_weight=&#8220;3px&#8220; _builder_version=&#8220;4.9.2&#8243; _module_preset=&#8220;default&#8220; width=&#8220;30%&#8220;][\/et_pb_divider][\/et_pb_column][\/et_pb_row][et_pb_row column_structure=&#8220;1_2,1_2&#8243; _builder_version=&#8220;4.9.2&#8243; _module_preset=&#8220;default&#8220;][et_pb_column type=&#8220;1_2&#8243; _builder_version=&#8220;4.9.2&#8243; _module_preset=&#8220;default&#8220;][et_pb_text _builder_version=&#8220;4.9.2&#8243; _module_preset=&#8220;default&#8220; text_font=&#8220;Montserrat||||||||&#8220; text_text_color=&#8220;#000000&#8243; text_font_size=&#8220;18px&#8220; text_line_height=&#8220;1.8em&#8220; header_2_font=&#8220;Montserrat|600|||||||&#8220; header_2_text_color=&#8220;#88B02E&#8220; header_2_font_size=&#8220;30px&#8220;] Gastronomie mit Herz \u2013 das [&hellip;]<\/p>\n","protected":false},"author":2,"featured_media":0,"parent":0,"menu_order":0,"comment_status":"closed","ping_status":"closed","template":"","meta":{"_et_pb_use_builder":"on","_et_pb_old_content":"","_et_gb_content_width":"","footnotes":""},"class_list":["post-115","page","type-page","status-publish","hentry"],"_links":{"self":[{"href":"https:\/\/marktschaenke-badduerkheim.de\/web\/wp-json\/wp\/v2\/pages\/115","targetHints":{"allow":["GET"]}}],"collection":[{"href":"https:\/\/marktschaenke-badduerkheim.de\/web\/wp-json\/wp\/v2\/pages"}],"about":[{"href":"https:\/\/marktschaenke-badduerkheim.de\/web\/wp-json\/wp\/v2\/types\/page"}],"author":[{"embeddable":true,"href":"https:\/\/marktschaenke-badduerkheim.de\/web\/wp-json\/wp\/v2\/users\/2"}],"replies":[{"embeddable":true,"href":"https:\/\/marktschaenke-badduerkheim.de\/web\/wp-json\/wp\/v2\/comments?post=115"}],"version-history":[{"count":0,"href":"https:\/\/marktschaenke-badduerkheim.de\/web\/wp-json\/wp\/v2\/pages\/115\/revisions"}],"wp:attachment":[{"href":"https:\/\/marktschaenke-badduerkheim.de\/web\/wp-json\/wp\/v2\/media?parent=115"}],"curies":[{"name":"wp","href":"https:\/\/api.w.org\/{rel}","templated":true}]}}